{"id":5487,"date":"2023-09-01T16:29:20","date_gmt":"2023-09-01T16:29:20","guid":{"rendered":"https:\/\/www.bodensee-cosmetics.com\/Produkte\/eyelash-duo-rehaugen-growth-booster-volume-serum-for-your-eyelashes"},"modified":"2025-01-29T11:02:35","modified_gmt":"2025-01-29T11:02:35","slug":"eyelash-duo-rehaugen-growth-booster-volume-serum-for-your-eyelashes","status":"publish","type":"product","link":"https:\/\/www.bodensee-cosmetics.com\/en\/products\/eyelash-duo-rehaugen-growth-booster-volume-serum-for-your-eyelashes","title":{"rendered":"EYELASH DUO &#8220;REHAUGEN&#8221; GROWTH BOOSTER + VOLUME SERUM FOR YOUR EYELASHES"},"content":{"rendered":"<p>WIMPERNDUO REHAUGEN Formulation &#8211; Hypoallerg\u00e9nique, Naturelle, V\u00e9gan, Non test\u00e9e sur animaux Target group &#8211; All ages, men, women, pregnant women, adults Formulation &#8211; Hypoallergenic, natural, vegan, not tested on animals.<\/p>\n<p><strong>GROWTH BOOSTER for your eyelashes <em>POUSSE CILS<\/em><\/strong><\/p>\n<p>Presentation &#8211; Applicator with applicator tip Texture &#8211; Serum Content &#8211; 5ml 3-month treatment YUKA Rating &#8211; 93\/100 Ingredients &#8211; Cornflower, Bamboo, Vitamin B5, Biotin. Composition INCI &#8211; AQUA (WATER), PROPANEDIOL, GLYCERIN, PROPYLENE GLYCOL, CENTAUREA CYANUS FLOWER WATER, XANTHAN GUM, POTASSIUM SORBATE, SODIUM BENZOATE, PANTHENOL, HYDROLYZED SILK, CITRIC ACID, HYDROLYZED ELASTIN, SODIUM HYALURONATE, BIOTINOYL TRIPEPTIDE-1. +<\/p>\n<p><strong>The volumizing serum for your eyelashes <em>VOLUMATEUR CILS<\/em><\/strong><\/p>\n<p>Presentation &#8211; Applicator with mascara brush Texture &#8211; Serum Content &#8211; 5ml 3-month treatment YUKA rating 93\/100 Ingredients &#8211; cornflower, marigold, vitamin B5, biotin, panthenol. Composition INCI &#8211; AQUA (WATER), PROPANEDIOL, GLYCERIN, PROPYLENE GLYCOL, CENTAUREA CYANUS FLOWER WATER, XANTHAN GUM, POTASSIUM SORBATE, SODIUM BENZOATE, PANTHENOL, HYDROLYZED SILK, CITRIC ACID, HYDROLYZED ELASTIN, SODIUM HYALURONATE, BIOTINOYL TRIPEPTIDE-1. WIMPERNDUO REHAUGEN &#8211; This duo &#8211; eyelash care is suitable for all ages and genders, including men, women and even pregnant women, thus meeting the diverse needs of each individual. Formulation &#8211; Our formulation with WIMPERNDUO REHAUGEN meets the highest standards in ethics and quality. Hypoallergenic, all-natural, vegan and cruelty-free, it guarantees a skincare experience that respects your skin, your beliefs and animal life.<\/p>\n<hr \/>\n<p><strong>The trick: Would you also like to sublimate your eyebrows? Opt for the <span style=\"color: #ff00ff;\"><a style=\"color: #ff00ff;\" href=\"https:\/\/www.bodensee-cosmetics.com\/Produkte\/komplettpaket-revolveraugen-4-pflegeprodukte\">COMPLETE SET &#8220;EYES REVOLVER&#8221; with 4 care products<\/a><\/span>. <\/strong><\/p>\n","protected":false},"excerpt":{"rendered":"<p><strong>Nourishes, strengthens, protects, lengthens, thickens and thickens your eyelashes<\/strong><\/p>\n<p><em>Doe eyes with this eyelash duo package.<\/em><\/p>\n<p>Longer and thicker lashes for an expressive and intense look thanks to our serums. The GROWTH BOOSTER for your eyelashes <em>POUSSE CILS<\/em> consists of regenerating active ingredients that stimulate eyelash growth. The composition of natural plant extracts nourishes, strengthens and protects the lashes, especially if they have become thin or brittle. + The volume serum for your eyelashes <em>VOLUMATEUR CILS<\/em> is also made from natural active ingredients. Its formula stimulates the growth, volume and length of eyelashes. 2 x 5 ml; 3-month treatment; YUKA rating 93\/100. Well done! Save money with our WIMPERNDUO REHAUGEN.<\/p>\n<hr \/>\n<p><strong>TIP: Would you also like to emphasize your eyebrows? Opt for the <a href=\"https:\/\/www.bodensee-cosmetics.com\/Produkte\/komplettpaket-revolveraugen-4-pflegeprodukte\"><span style=\"color: #ff00ff;\">COMPLETE PACKAGE &#8220;REVOLVER EYES&#8221; WITH 4 CARE PRODUCTS<\/span><\/a> <\/strong><\/p>\n","protected":false},"featured_media":4853,"template":"","meta":[],"product_brand":[],"product_cat":[295,290,297,298,293,291,277,264,294],"product_tag":[],"class_list":{"0":"post-5487","1":"product","2":"type-product","3":"status-publish","4":"has-post-thumbnail","6":"product_cat-all-care-products-naturalash","7":"product_cat-eyelash-booster","8":"product_cat-eyelash-care","9":"product_cat-eyelash-serum","10":"product_cat-eyelashes","11":"product_cat-eyelashes-and-eyebrows","12":"product_cat-eyes","13":"product_cat-face","14":"product_cat-naturalash-en","16":"first","17":"instock","18":"taxable","19":"shipping-taxable","20":"purchasable","21":"product-type-simple"},"yoast_head":"<!-- This site is optimized with the Yoast SEO plugin v27.4 - https:\/\/yoast.com\/product\/yoast-seo-wordpress\/ -->\n<title>EYELASH DUO REHAUGEN - Bodensee Cosmetics<\/title>\n<meta name=\"description\" content=\"WIMPERNDUO REHAUGEN offers longer and thicker lashes for an intense look. This duo nourishes, strengthens, thickens and thickens the lashes.\" \/>\n<meta name=\"robots\" content=\"index, follow, max-snippet:-1, max-image-preview:large, max-video-preview:-1\" \/>\n<link rel=\"canonical\" href=\"https:\/\/www.bodensee-cosmetics.com\/en\/products\/eyelash-duo-rehaugen-growth-booster-volume-serum-for-your-eyelashes\" \/>\n<meta property=\"og:locale\" content=\"en_US\" \/>\n<meta property=\"og:type\" content=\"article\" \/>\n<meta property=\"og:title\" content=\"EYELASH DUO REHAUGEN - Bodensee Cosmetics\" \/>\n<meta property=\"og:description\" content=\"WIMPERNDUO REHAUGEN offers longer and thicker lashes for an intense look. This duo nourishes, strengthens, thickens and thickens the lashes.\" \/>\n<meta property=\"og:url\" content=\"https:\/\/www.bodensee-cosmetics.com\/en\/products\/eyelash-duo-rehaugen-growth-booster-volume-serum-for-your-eyelashes\" \/>\n<meta property=\"og:site_name\" content=\"Bodensee Cosmetics\" \/>\n<meta property=\"article:modified_time\" content=\"2025-01-29T11:02:35+00:00\" \/>\n<meta property=\"og:image\" content=\"https:\/\/www.bodensee-cosmetics.com\/wp-content\/uploads\/2023\/09\/41aae8e7-255e-4ef9-99f9-e4f659cc6411-PhotoRoom-1024x1024.png\" \/>\n\t<meta property=\"og:image:width\" content=\"1024\" \/>\n\t<meta property=\"og:image:height\" content=\"1024\" \/>\n\t<meta property=\"og:image:type\" content=\"image\/png\" \/>\n<meta name=\"twitter:card\" content=\"summary_large_image\" \/>\n<script type=\"application\/ld+json\" class=\"yoast-schema-graph\">{\"@context\":\"https:\\\/\\\/schema.org\",\"@graph\":[{\"@type\":\"WebPage\",\"@id\":\"https:\\\/\\\/www.bodensee-cosmetics.com\\\/en\\\/products\\\/eyelash-duo-rehaugen-growth-booster-volume-serum-for-your-eyelashes\",\"url\":\"https:\\\/\\\/www.bodensee-cosmetics.com\\\/en\\\/products\\\/eyelash-duo-rehaugen-growth-booster-volume-serum-for-your-eyelashes\",\"name\":\"EYELASH DUO REHAUGEN - Bodensee Cosmetics\",\"isPartOf\":{\"@id\":\"https:\\\/\\\/www.bodensee-cosmetics.com\\\/en#website\"},\"primaryImageOfPage\":{\"@id\":\"https:\\\/\\\/www.bodensee-cosmetics.com\\\/en\\\/products\\\/eyelash-duo-rehaugen-growth-booster-volume-serum-for-your-eyelashes#primaryimage\"},\"image\":{\"@id\":\"https:\\\/\\\/www.bodensee-cosmetics.com\\\/en\\\/products\\\/eyelash-duo-rehaugen-growth-booster-volume-serum-for-your-eyelashes#primaryimage\"},\"thumbnailUrl\":\"https:\\\/\\\/www.bodensee-cosmetics.com\\\/wp-content\\\/uploads\\\/2023\\\/09\\\/41aae8e7-255e-4ef9-99f9-e4f659cc6411-PhotoRoom.png\",\"datePublished\":\"2023-09-01T16:29:20+00:00\",\"dateModified\":\"2025-01-29T11:02:35+00:00\",\"description\":\"WIMPERNDUO REHAUGEN offers longer and thicker lashes for an intense look. This duo nourishes, strengthens, thickens and thickens the lashes.\",\"breadcrumb\":{\"@id\":\"https:\\\/\\\/www.bodensee-cosmetics.com\\\/en\\\/products\\\/eyelash-duo-rehaugen-growth-booster-volume-serum-for-your-eyelashes#breadcrumb\"},\"inLanguage\":\"en-US\",\"potentialAction\":[{\"@type\":\"ReadAction\",\"target\":[\"https:\\\/\\\/www.bodensee-cosmetics.com\\\/en\\\/products\\\/eyelash-duo-rehaugen-growth-booster-volume-serum-for-your-eyelashes\"]}]},{\"@type\":\"ImageObject\",\"inLanguage\":\"en-US\",\"@id\":\"https:\\\/\\\/www.bodensee-cosmetics.com\\\/en\\\/products\\\/eyelash-duo-rehaugen-growth-booster-volume-serum-for-your-eyelashes#primaryimage\",\"url\":\"https:\\\/\\\/www.bodensee-cosmetics.com\\\/wp-content\\\/uploads\\\/2023\\\/09\\\/41aae8e7-255e-4ef9-99f9-e4f659cc6411-PhotoRoom.png\",\"contentUrl\":\"https:\\\/\\\/www.bodensee-cosmetics.com\\\/wp-content\\\/uploads\\\/2023\\\/09\\\/41aae8e7-255e-4ef9-99f9-e4f659cc6411-PhotoRoom.png\",\"width\":1512,\"height\":1512,\"caption\":\"EYELASH DUO REHAUGEN\"},{\"@type\":\"BreadcrumbList\",\"@id\":\"https:\\\/\\\/www.bodensee-cosmetics.com\\\/en\\\/products\\\/eyelash-duo-rehaugen-growth-booster-volume-serum-for-your-eyelashes#breadcrumb\",\"itemListElement\":[{\"@type\":\"ListItem\",\"position\":1,\"name\":\"Startseite\",\"item\":\"https:\\\/\\\/www.bodensee-cosmetics.com\\\/en\"},{\"@type\":\"ListItem\",\"position\":2,\"name\":\"Store\",\"item\":\"https:\\\/\\\/www.bodensee-cosmetics.com\\\/shop\"},{\"@type\":\"ListItem\",\"position\":3,\"name\":\"EYELASH DUO &#8220;REHAUGEN&#8221; GROWTH BOOSTER + VOLUME SERUM FOR YOUR EYELASHES\"}]},{\"@type\":\"WebSite\",\"@id\":\"https:\\\/\\\/www.bodensee-cosmetics.com\\\/en#website\",\"url\":\"https:\\\/\\\/www.bodensee-cosmetics.com\\\/en\",\"name\":\"Bodensee Cosmetics\",\"description\":\"Wir k&uuml;mmern uns um Sie\",\"publisher\":{\"@id\":\"https:\\\/\\\/www.bodensee-cosmetics.com\\\/en#organization\"},\"potentialAction\":[{\"@type\":\"SearchAction\",\"target\":{\"@type\":\"EntryPoint\",\"urlTemplate\":\"https:\\\/\\\/www.bodensee-cosmetics.com\\\/en?s={search_term_string}\"},\"query-input\":{\"@type\":\"PropertyValueSpecification\",\"valueRequired\":true,\"valueName\":\"search_term_string\"}}],\"inLanguage\":\"en-US\"},{\"@type\":\"Organization\",\"@id\":\"https:\\\/\\\/www.bodensee-cosmetics.com\\\/en#organization\",\"name\":\"Bodensee Cosmetics\",\"url\":\"https:\\\/\\\/www.bodensee-cosmetics.com\\\/en\",\"logo\":{\"@type\":\"ImageObject\",\"inLanguage\":\"en-US\",\"@id\":\"https:\\\/\\\/www.bodensee-cosmetics.com\\\/en#\\\/schema\\\/logo\\\/image\\\/\",\"url\":\"https:\\\/\\\/www.bodensee-cosmetics.com\\\/wp-content\\\/uploads\\\/2024\\\/01\\\/sans-fond-grand.png\",\"contentUrl\":\"https:\\\/\\\/www.bodensee-cosmetics.com\\\/wp-content\\\/uploads\\\/2024\\\/01\\\/sans-fond-grand.png\",\"width\":1080,\"height\":1080,\"caption\":\"Bodensee Cosmetics\"},\"image\":{\"@id\":\"https:\\\/\\\/www.bodensee-cosmetics.com\\\/en#\\\/schema\\\/logo\\\/image\\\/\"}}]}<\/script>\n<!-- \/ Yoast SEO plugin. -->","yoast_head_json":{"title":"EYELASH DUO REHAUGEN - Bodensee Cosmetics","description":"WIMPERNDUO REHAUGEN offers longer and thicker lashes for an intense look. This duo nourishes, strengthens, thickens and thickens the lashes.","robots":{"index":"index","follow":"follow","max-snippet":"max-snippet:-1","max-image-preview":"max-image-preview:large","max-video-preview":"max-video-preview:-1"},"canonical":"https:\/\/www.bodensee-cosmetics.com\/en\/products\/eyelash-duo-rehaugen-growth-booster-volume-serum-for-your-eyelashes","og_locale":"en_US","og_type":"article","og_title":"EYELASH DUO REHAUGEN - Bodensee Cosmetics","og_description":"WIMPERNDUO REHAUGEN offers longer and thicker lashes for an intense look. This duo nourishes, strengthens, thickens and thickens the lashes.","og_url":"https:\/\/www.bodensee-cosmetics.com\/en\/products\/eyelash-duo-rehaugen-growth-booster-volume-serum-for-your-eyelashes","og_site_name":"Bodensee Cosmetics","article_modified_time":"2025-01-29T11:02:35+00:00","og_image":[{"width":1024,"height":1024,"url":"https:\/\/www.bodensee-cosmetics.com\/wp-content\/uploads\/2023\/09\/41aae8e7-255e-4ef9-99f9-e4f659cc6411-PhotoRoom-1024x1024.png","type":"image\/png"}],"twitter_card":"summary_large_image","schema":{"@context":"https:\/\/schema.org","@graph":[{"@type":"WebPage","@id":"https:\/\/www.bodensee-cosmetics.com\/en\/products\/eyelash-duo-rehaugen-growth-booster-volume-serum-for-your-eyelashes","url":"https:\/\/www.bodensee-cosmetics.com\/en\/products\/eyelash-duo-rehaugen-growth-booster-volume-serum-for-your-eyelashes","name":"EYELASH DUO REHAUGEN - Bodensee Cosmetics","isPartOf":{"@id":"https:\/\/www.bodensee-cosmetics.com\/en#website"},"primaryImageOfPage":{"@id":"https:\/\/www.bodensee-cosmetics.com\/en\/products\/eyelash-duo-rehaugen-growth-booster-volume-serum-for-your-eyelashes#primaryimage"},"image":{"@id":"https:\/\/www.bodensee-cosmetics.com\/en\/products\/eyelash-duo-rehaugen-growth-booster-volume-serum-for-your-eyelashes#primaryimage"},"thumbnailUrl":"https:\/\/www.bodensee-cosmetics.com\/wp-content\/uploads\/2023\/09\/41aae8e7-255e-4ef9-99f9-e4f659cc6411-PhotoRoom.png","datePublished":"2023-09-01T16:29:20+00:00","dateModified":"2025-01-29T11:02:35+00:00","description":"WIMPERNDUO REHAUGEN offers longer and thicker lashes for an intense look. This duo nourishes, strengthens, thickens and thickens the lashes.","breadcrumb":{"@id":"https:\/\/www.bodensee-cosmetics.com\/en\/products\/eyelash-duo-rehaugen-growth-booster-volume-serum-for-your-eyelashes#breadcrumb"},"inLanguage":"en-US","potentialAction":[{"@type":"ReadAction","target":["https:\/\/www.bodensee-cosmetics.com\/en\/products\/eyelash-duo-rehaugen-growth-booster-volume-serum-for-your-eyelashes"]}]},{"@type":"ImageObject","inLanguage":"en-US","@id":"https:\/\/www.bodensee-cosmetics.com\/en\/products\/eyelash-duo-rehaugen-growth-booster-volume-serum-for-your-eyelashes#primaryimage","url":"https:\/\/www.bodensee-cosmetics.com\/wp-content\/uploads\/2023\/09\/41aae8e7-255e-4ef9-99f9-e4f659cc6411-PhotoRoom.png","contentUrl":"https:\/\/www.bodensee-cosmetics.com\/wp-content\/uploads\/2023\/09\/41aae8e7-255e-4ef9-99f9-e4f659cc6411-PhotoRoom.png","width":1512,"height":1512,"caption":"EYELASH DUO REHAUGEN"},{"@type":"BreadcrumbList","@id":"https:\/\/www.bodensee-cosmetics.com\/en\/products\/eyelash-duo-rehaugen-growth-booster-volume-serum-for-your-eyelashes#breadcrumb","itemListElement":[{"@type":"ListItem","position":1,"name":"Startseite","item":"https:\/\/www.bodensee-cosmetics.com\/en"},{"@type":"ListItem","position":2,"name":"Store","item":"https:\/\/www.bodensee-cosmetics.com\/shop"},{"@type":"ListItem","position":3,"name":"EYELASH DUO &#8220;REHAUGEN&#8221; GROWTH BOOSTER + VOLUME SERUM FOR YOUR EYELASHES"}]},{"@type":"WebSite","@id":"https:\/\/www.bodensee-cosmetics.com\/en#website","url":"https:\/\/www.bodensee-cosmetics.com\/en","name":"Bodensee Cosmetics","description":"Wir k&uuml;mmern uns um Sie","publisher":{"@id":"https:\/\/www.bodensee-cosmetics.com\/en#organization"},"potentialAction":[{"@type":"SearchAction","target":{"@type":"EntryPoint","urlTemplate":"https:\/\/www.bodensee-cosmetics.com\/en?s={search_term_string}"},"query-input":{"@type":"PropertyValueSpecification","valueRequired":true,"valueName":"search_term_string"}}],"inLanguage":"en-US"},{"@type":"Organization","@id":"https:\/\/www.bodensee-cosmetics.com\/en#organization","name":"Bodensee Cosmetics","url":"https:\/\/www.bodensee-cosmetics.com\/en","logo":{"@type":"ImageObject","inLanguage":"en-US","@id":"https:\/\/www.bodensee-cosmetics.com\/en#\/schema\/logo\/image\/","url":"https:\/\/www.bodensee-cosmetics.com\/wp-content\/uploads\/2024\/01\/sans-fond-grand.png","contentUrl":"https:\/\/www.bodensee-cosmetics.com\/wp-content\/uploads\/2024\/01\/sans-fond-grand.png","width":1080,"height":1080,"caption":"Bodensee Cosmetics"},"image":{"@id":"https:\/\/www.bodensee-cosmetics.com\/en#\/schema\/logo\/image\/"}}]}},"_links":{"self":[{"href":"https:\/\/www.bodensee-cosmetics.com\/en\/wp-json\/wp\/v2\/product\/5487","targetHints":{"allow":["GET"]}}],"collection":[{"href":"https:\/\/www.bodensee-cosmetics.com\/en\/wp-json\/wp\/v2\/product"}],"about":[{"href":"https:\/\/www.bodensee-cosmetics.com\/en\/wp-json\/wp\/v2\/types\/product"}],"wp:featuredmedia":[{"embeddable":true,"href":"https:\/\/www.bodensee-cosmetics.com\/en\/wp-json\/wp\/v2\/media\/4853"}],"wp:attachment":[{"href":"https:\/\/www.bodensee-cosmetics.com\/en\/wp-json\/wp\/v2\/media?parent=5487"}],"wp:term":[{"taxonomy":"product_brand","embeddable":true,"href":"https:\/\/www.bodensee-cosmetics.com\/en\/wp-json\/wp\/v2\/product_brand?post=5487"},{"taxonomy":"product_cat","embeddable":true,"href":"https:\/\/www.bodensee-cosmetics.com\/en\/wp-json\/wp\/v2\/product_cat?post=5487"},{"taxonomy":"product_tag","embeddable":true,"href":"https:\/\/www.bodensee-cosmetics.com\/en\/wp-json\/wp\/v2\/product_tag?post=5487"}],"curies":[{"name":"wp","href":"https:\/\/api.w.org\/{rel}","templated":true}]}}