{"id":5471,"date":"2023-09-01T12:44:09","date_gmt":"2023-09-01T12:44:09","guid":{"rendered":"https:\/\/www.bodensee-cosmetics.com\/Produkte\/kea-hair-serum-with-hyaluronic-acid-mon-elixir-supreme-50-ml"},"modified":"2025-01-29T10:54:17","modified_gmt":"2025-01-29T10:54:17","slug":"kea-hair-serum-with-hyaluronic-acid-mon-elixir-supreme-50-ml","status":"publish","type":"product","link":"https:\/\/www.bodensee-cosmetics.com\/en\/products\/kea-hair-serum-with-hyaluronic-acid-mon-elixir-supreme-50-ml","title":{"rendered":"KEA hair serum with hyaluronic acid &#8211; MON ELIXIR SUPREME 50 ml"},"content":{"rendered":"<p><strong>Regenerates, strengthens, prevents hair loss, promotes hair growth: Hyaluronic acid hair serum &#8211; Mon \u00e9lixir supr\u00eame<\/strong><\/p>\n<p>S\u00e9rum for hair growth and against hair loss, hair fertilizer: Hydrates and regenerates the scalp! Strong, shiny hair!<\/p>\n<ul>\n<li>For all hair types &#8211;<\/li>\n<li>Particularly suitable for brittle, dry, falling out and poorly growing hair &#8211;<\/li>\n<\/ul>\n<p>Our S\u00e9rum MON ELIXIR SUPR\u00caME is the solution for hydrating and regenerating the scalp. It gives your hair strength and shine thanks to its high concentration of hyaluronic acid.<\/p>\n<p><strong>Our hair serum Hyaluronic Acid &#8211; Mon \u00c9lixir Supr\u00eame is suitable for all age groups and genders, for both men and women and even for pregnant women.<\/strong><\/p>\n<p><strong>Formulation<\/strong> &#8211; Hypoallergenic, natural, vegan, not tested on animals &#8211; This formulation is hypoallergenic and skin-friendly, even for the most sensitive skin. It is made from natural, vegan ingredients and has not been tested on animals, ensuring the impeccable ethics of this product. Target group &#8211; All ages, men, women, adults, pregnant women Formulation &#8211; Hypoallergenic, natural, vegan, not tested on animals Packaging &#8211; Bottle Texture &#8211; Gel with non-greasy, non-sticky finish. Content &#8211; 50 ml for 100 applications YUKA Rating &#8211; 100\/100 Ingredients &#8211; 0% toxic or questionable ingredients. Its formula with hyaluronic acid is a real booster for your hair with direct action on the scalp. INCI COMPOSITION &#8211; AQUA, PROPANEDIOL, GLYCERIN, CUCUMIS SATIVUS FRUIT EXTRACT, SODIUM HYALURONATE, SODIUM BENZOATE, ZINGIBER OFFICINALE ROOT EXTRACT, CAMELLIA SINENSIS LEAF EXTRACT, CITRIC ACID, ORYZA SATIVA EXTRACT, PARFUM.<\/p>\n<p>&nbsp;<\/p>\n","protected":false},"excerpt":{"rendered":"<p><strong>Regenerates, strengthens, prevents hair loss and gives your hair a growth boost<\/strong><\/p>\n<p><em>Growth serum against hair loss. A perfect booster: moisturizes and regenerates the scalp. The result: strong and shiny hair! <\/em><\/p>\n<p>&#8211; For all hair types &#8211; Particularly suitable for brittle, dry hair that falls out easily and grows back poorly. Our MON ELIXIR SUPR\u00caME serum is the solution to moisturize and regenerate the scalp. Restores strength and shine to your hair thanks to its concentration of hyaluronic acid. Can be used daily; YUKA rating 100\/100 Suitable from childhood onwards<\/p>\n<hr \/>\n<p><strong>TIP: Achieve even better results by using the <a href=\"https:\/\/www.bodensee-cosmetics.com\/Produkte\/serum-mon-elixir-supreme-50-ml-100-utilisations\"><span style=\"color: #ff00ff;\">MON ELIXIR SUPR\u00caME serum<\/span><\/a> with our deep nourishing foam cream with castor oil <a href=\"https:\/\/www.bodensee-cosmetics.com\/Produkte\/schaumcreme-rizinus-ma-chantilly-ricin-intense-100-ml-15-anwendungen\"><span style=\"color: #ff00ff;\">MA CHANTILLY RICIN 100 ml for 15 applications.<\/span><\/a><\/strong><\/p>\n","protected":false},"featured_media":4494,"template":"","meta":[],"product_brand":[],"product_cat":[250,242,282,284,247,283],"product_tag":[],"class_list":{"0":"post-5471","1":"product","2":"type-product","3":"status-publish","4":"has-post-thumbnail","6":"product_cat-all-kea-care-products","7":"product_cat-hair","8":"product_cat-hair-serum","9":"product_cat-hair-serums","10":"product_cat-kea-hair-temptation","11":"product_cat-water-based","13":"first","14":"instock","15":"taxable","16":"shipping-taxable","17":"purchasable","18":"product-type-simple"},"yoast_head":"<!-- This site is optimized with the Yoast SEO plugin v27.4 - https:\/\/yoast.com\/product\/yoast-seo-wordpress\/ -->\n<title>Hair serum hyaluronic acid - Mon \u00e9lixir supr\u00eame - Bodensee Cosmetics<\/title>\n<meta name=\"description\" content=\"S\u00e9rum for hair growth and anti-hair loss, hair fertilizer: Hydrates and regenerates the scalp! For strong, shiny hair! Hair serum hyaluronic acid.\" \/>\n<meta name=\"robots\" content=\"index, follow, max-snippet:-1, max-image-preview:large, max-video-preview:-1\" \/>\n<link rel=\"canonical\" href=\"https:\/\/www.bodensee-cosmetics.com\/en\/products\/kea-hair-serum-with-hyaluronic-acid-mon-elixir-supreme-50-ml\" \/>\n<meta property=\"og:locale\" content=\"en_US\" \/>\n<meta property=\"og:type\" content=\"article\" \/>\n<meta property=\"og:title\" content=\"Hair serum hyaluronic acid - Mon \u00e9lixir supr\u00eame - Bodensee Cosmetics\" \/>\n<meta property=\"og:description\" content=\"S\u00e9rum for hair growth and anti-hair loss, hair fertilizer: Hydrates and regenerates the scalp! For strong, shiny hair! Hair serum hyaluronic acid.\" \/>\n<meta property=\"og:url\" content=\"https:\/\/www.bodensee-cosmetics.com\/en\/products\/kea-hair-serum-with-hyaluronic-acid-mon-elixir-supreme-50-ml\" \/>\n<meta property=\"og:site_name\" content=\"Bodensee Cosmetics\" \/>\n<meta property=\"article:modified_time\" content=\"2025-01-29T10:54:17+00:00\" \/>\n<meta property=\"og:image\" content=\"https:\/\/www.bodensee-cosmetics.com\/wp-content\/uploads\/2023\/08\/3770015083172-1024x1024.png\" \/>\n\t<meta property=\"og:image:width\" content=\"1024\" \/>\n\t<meta property=\"og:image:height\" content=\"1024\" \/>\n\t<meta property=\"og:image:type\" content=\"image\/png\" \/>\n<meta name=\"twitter:card\" content=\"summary_large_image\" \/>\n<script type=\"application\/ld+json\" class=\"yoast-schema-graph\">{\"@context\":\"https:\\\/\\\/schema.org\",\"@graph\":[{\"@type\":\"WebPage\",\"@id\":\"https:\\\/\\\/www.bodensee-cosmetics.com\\\/en\\\/products\\\/kea-hair-serum-with-hyaluronic-acid-mon-elixir-supreme-50-ml\",\"url\":\"https:\\\/\\\/www.bodensee-cosmetics.com\\\/en\\\/products\\\/kea-hair-serum-with-hyaluronic-acid-mon-elixir-supreme-50-ml\",\"name\":\"Hair serum hyaluronic acid - Mon \u00e9lixir supr\u00eame - Bodensee Cosmetics\",\"isPartOf\":{\"@id\":\"https:\\\/\\\/www.bodensee-cosmetics.com\\\/en#website\"},\"primaryImageOfPage\":{\"@id\":\"https:\\\/\\\/www.bodensee-cosmetics.com\\\/en\\\/products\\\/kea-hair-serum-with-hyaluronic-acid-mon-elixir-supreme-50-ml#primaryimage\"},\"image\":{\"@id\":\"https:\\\/\\\/www.bodensee-cosmetics.com\\\/en\\\/products\\\/kea-hair-serum-with-hyaluronic-acid-mon-elixir-supreme-50-ml#primaryimage\"},\"thumbnailUrl\":\"https:\\\/\\\/www.bodensee-cosmetics.com\\\/wp-content\\\/uploads\\\/2023\\\/08\\\/3770015083172.png\",\"datePublished\":\"2023-09-01T12:44:09+00:00\",\"dateModified\":\"2025-01-29T10:54:17+00:00\",\"description\":\"S\u00e9rum for hair growth and anti-hair loss, hair fertilizer: Hydrates and regenerates the scalp! For strong, shiny hair! Hair serum hyaluronic acid.\",\"breadcrumb\":{\"@id\":\"https:\\\/\\\/www.bodensee-cosmetics.com\\\/en\\\/products\\\/kea-hair-serum-with-hyaluronic-acid-mon-elixir-supreme-50-ml#breadcrumb\"},\"inLanguage\":\"en-US\",\"potentialAction\":[{\"@type\":\"ReadAction\",\"target\":[\"https:\\\/\\\/www.bodensee-cosmetics.com\\\/en\\\/products\\\/kea-hair-serum-with-hyaluronic-acid-mon-elixir-supreme-50-ml\"]}]},{\"@type\":\"ImageObject\",\"inLanguage\":\"en-US\",\"@id\":\"https:\\\/\\\/www.bodensee-cosmetics.com\\\/en\\\/products\\\/kea-hair-serum-with-hyaluronic-acid-mon-elixir-supreme-50-ml#primaryimage\",\"url\":\"https:\\\/\\\/www.bodensee-cosmetics.com\\\/wp-content\\\/uploads\\\/2023\\\/08\\\/3770015083172.png\",\"contentUrl\":\"https:\\\/\\\/www.bodensee-cosmetics.com\\\/wp-content\\\/uploads\\\/2023\\\/08\\\/3770015083172.png\",\"width\":2048,\"height\":2048,\"caption\":\"Hair serum hyaluronic acid\"},{\"@type\":\"BreadcrumbList\",\"@id\":\"https:\\\/\\\/www.bodensee-cosmetics.com\\\/en\\\/products\\\/kea-hair-serum-with-hyaluronic-acid-mon-elixir-supreme-50-ml#breadcrumb\",\"itemListElement\":[{\"@type\":\"ListItem\",\"position\":1,\"name\":\"Startseite\",\"item\":\"https:\\\/\\\/www.bodensee-cosmetics.com\\\/en\"},{\"@type\":\"ListItem\",\"position\":2,\"name\":\"Store\",\"item\":\"https:\\\/\\\/www.bodensee-cosmetics.com\\\/shop\"},{\"@type\":\"ListItem\",\"position\":3,\"name\":\"KEA hair serum with hyaluronic acid &#8211; MON ELIXIR SUPREME 50 ml\"}]},{\"@type\":\"WebSite\",\"@id\":\"https:\\\/\\\/www.bodensee-cosmetics.com\\\/en#website\",\"url\":\"https:\\\/\\\/www.bodensee-cosmetics.com\\\/en\",\"name\":\"Bodensee Cosmetics\",\"description\":\"Wir k&uuml;mmern uns um Sie\",\"publisher\":{\"@id\":\"https:\\\/\\\/www.bodensee-cosmetics.com\\\/en#organization\"},\"potentialAction\":[{\"@type\":\"SearchAction\",\"target\":{\"@type\":\"EntryPoint\",\"urlTemplate\":\"https:\\\/\\\/www.bodensee-cosmetics.com\\\/en?s={search_term_string}\"},\"query-input\":{\"@type\":\"PropertyValueSpecification\",\"valueRequired\":true,\"valueName\":\"search_term_string\"}}],\"inLanguage\":\"en-US\"},{\"@type\":\"Organization\",\"@id\":\"https:\\\/\\\/www.bodensee-cosmetics.com\\\/en#organization\",\"name\":\"Bodensee Cosmetics\",\"url\":\"https:\\\/\\\/www.bodensee-cosmetics.com\\\/en\",\"logo\":{\"@type\":\"ImageObject\",\"inLanguage\":\"en-US\",\"@id\":\"https:\\\/\\\/www.bodensee-cosmetics.com\\\/en#\\\/schema\\\/logo\\\/image\\\/\",\"url\":\"https:\\\/\\\/www.bodensee-cosmetics.com\\\/wp-content\\\/uploads\\\/2024\\\/01\\\/sans-fond-grand.png\",\"contentUrl\":\"https:\\\/\\\/www.bodensee-cosmetics.com\\\/wp-content\\\/uploads\\\/2024\\\/01\\\/sans-fond-grand.png\",\"width\":1080,\"height\":1080,\"caption\":\"Bodensee Cosmetics\"},\"image\":{\"@id\":\"https:\\\/\\\/www.bodensee-cosmetics.com\\\/en#\\\/schema\\\/logo\\\/image\\\/\"}}]}<\/script>\n<!-- \/ Yoast SEO plugin. -->","yoast_head_json":{"title":"Hair serum hyaluronic acid - Mon \u00e9lixir supr\u00eame - Bodensee Cosmetics","description":"S\u00e9rum for hair growth and anti-hair loss, hair fertilizer: Hydrates and regenerates the scalp! For strong, shiny hair! Hair serum hyaluronic acid.","robots":{"index":"index","follow":"follow","max-snippet":"max-snippet:-1","max-image-preview":"max-image-preview:large","max-video-preview":"max-video-preview:-1"},"canonical":"https:\/\/www.bodensee-cosmetics.com\/en\/products\/kea-hair-serum-with-hyaluronic-acid-mon-elixir-supreme-50-ml","og_locale":"en_US","og_type":"article","og_title":"Hair serum hyaluronic acid - Mon \u00e9lixir supr\u00eame - Bodensee Cosmetics","og_description":"S\u00e9rum for hair growth and anti-hair loss, hair fertilizer: Hydrates and regenerates the scalp! For strong, shiny hair! Hair serum hyaluronic acid.","og_url":"https:\/\/www.bodensee-cosmetics.com\/en\/products\/kea-hair-serum-with-hyaluronic-acid-mon-elixir-supreme-50-ml","og_site_name":"Bodensee Cosmetics","article_modified_time":"2025-01-29T10:54:17+00:00","og_image":[{"width":1024,"height":1024,"url":"https:\/\/www.bodensee-cosmetics.com\/wp-content\/uploads\/2023\/08\/3770015083172-1024x1024.png","type":"image\/png"}],"twitter_card":"summary_large_image","schema":{"@context":"https:\/\/schema.org","@graph":[{"@type":"WebPage","@id":"https:\/\/www.bodensee-cosmetics.com\/en\/products\/kea-hair-serum-with-hyaluronic-acid-mon-elixir-supreme-50-ml","url":"https:\/\/www.bodensee-cosmetics.com\/en\/products\/kea-hair-serum-with-hyaluronic-acid-mon-elixir-supreme-50-ml","name":"Hair serum hyaluronic acid - Mon \u00e9lixir supr\u00eame - Bodensee Cosmetics","isPartOf":{"@id":"https:\/\/www.bodensee-cosmetics.com\/en#website"},"primaryImageOfPage":{"@id":"https:\/\/www.bodensee-cosmetics.com\/en\/products\/kea-hair-serum-with-hyaluronic-acid-mon-elixir-supreme-50-ml#primaryimage"},"image":{"@id":"https:\/\/www.bodensee-cosmetics.com\/en\/products\/kea-hair-serum-with-hyaluronic-acid-mon-elixir-supreme-50-ml#primaryimage"},"thumbnailUrl":"https:\/\/www.bodensee-cosmetics.com\/wp-content\/uploads\/2023\/08\/3770015083172.png","datePublished":"2023-09-01T12:44:09+00:00","dateModified":"2025-01-29T10:54:17+00:00","description":"S\u00e9rum for hair growth and anti-hair loss, hair fertilizer: Hydrates and regenerates the scalp! For strong, shiny hair! Hair serum hyaluronic acid.","breadcrumb":{"@id":"https:\/\/www.bodensee-cosmetics.com\/en\/products\/kea-hair-serum-with-hyaluronic-acid-mon-elixir-supreme-50-ml#breadcrumb"},"inLanguage":"en-US","potentialAction":[{"@type":"ReadAction","target":["https:\/\/www.bodensee-cosmetics.com\/en\/products\/kea-hair-serum-with-hyaluronic-acid-mon-elixir-supreme-50-ml"]}]},{"@type":"ImageObject","inLanguage":"en-US","@id":"https:\/\/www.bodensee-cosmetics.com\/en\/products\/kea-hair-serum-with-hyaluronic-acid-mon-elixir-supreme-50-ml#primaryimage","url":"https:\/\/www.bodensee-cosmetics.com\/wp-content\/uploads\/2023\/08\/3770015083172.png","contentUrl":"https:\/\/www.bodensee-cosmetics.com\/wp-content\/uploads\/2023\/08\/3770015083172.png","width":2048,"height":2048,"caption":"Hair serum hyaluronic acid"},{"@type":"BreadcrumbList","@id":"https:\/\/www.bodensee-cosmetics.com\/en\/products\/kea-hair-serum-with-hyaluronic-acid-mon-elixir-supreme-50-ml#breadcrumb","itemListElement":[{"@type":"ListItem","position":1,"name":"Startseite","item":"https:\/\/www.bodensee-cosmetics.com\/en"},{"@type":"ListItem","position":2,"name":"Store","item":"https:\/\/www.bodensee-cosmetics.com\/shop"},{"@type":"ListItem","position":3,"name":"KEA hair serum with hyaluronic acid &#8211; MON ELIXIR SUPREME 50 ml"}]},{"@type":"WebSite","@id":"https:\/\/www.bodensee-cosmetics.com\/en#website","url":"https:\/\/www.bodensee-cosmetics.com\/en","name":"Bodensee Cosmetics","description":"Wir k&uuml;mmern uns um Sie","publisher":{"@id":"https:\/\/www.bodensee-cosmetics.com\/en#organization"},"potentialAction":[{"@type":"SearchAction","target":{"@type":"EntryPoint","urlTemplate":"https:\/\/www.bodensee-cosmetics.com\/en?s={search_term_string}"},"query-input":{"@type":"PropertyValueSpecification","valueRequired":true,"valueName":"search_term_string"}}],"inLanguage":"en-US"},{"@type":"Organization","@id":"https:\/\/www.bodensee-cosmetics.com\/en#organization","name":"Bodensee Cosmetics","url":"https:\/\/www.bodensee-cosmetics.com\/en","logo":{"@type":"ImageObject","inLanguage":"en-US","@id":"https:\/\/www.bodensee-cosmetics.com\/en#\/schema\/logo\/image\/","url":"https:\/\/www.bodensee-cosmetics.com\/wp-content\/uploads\/2024\/01\/sans-fond-grand.png","contentUrl":"https:\/\/www.bodensee-cosmetics.com\/wp-content\/uploads\/2024\/01\/sans-fond-grand.png","width":1080,"height":1080,"caption":"Bodensee Cosmetics"},"image":{"@id":"https:\/\/www.bodensee-cosmetics.com\/en#\/schema\/logo\/image\/"}}]}},"_links":{"self":[{"href":"https:\/\/www.bodensee-cosmetics.com\/en\/wp-json\/wp\/v2\/product\/5471","targetHints":{"allow":["GET"]}}],"collection":[{"href":"https:\/\/www.bodensee-cosmetics.com\/en\/wp-json\/wp\/v2\/product"}],"about":[{"href":"https:\/\/www.bodensee-cosmetics.com\/en\/wp-json\/wp\/v2\/types\/product"}],"wp:featuredmedia":[{"embeddable":true,"href":"https:\/\/www.bodensee-cosmetics.com\/en\/wp-json\/wp\/v2\/media\/4494"}],"wp:attachment":[{"href":"https:\/\/www.bodensee-cosmetics.com\/en\/wp-json\/wp\/v2\/media?parent=5471"}],"wp:term":[{"taxonomy":"product_brand","embeddable":true,"href":"https:\/\/www.bodensee-cosmetics.com\/en\/wp-json\/wp\/v2\/product_brand?post=5471"},{"taxonomy":"product_cat","embeddable":true,"href":"https:\/\/www.bodensee-cosmetics.com\/en\/wp-json\/wp\/v2\/product_cat?post=5471"},{"taxonomy":"product_tag","embeddable":true,"href":"https:\/\/www.bodensee-cosmetics.com\/en\/wp-json\/wp\/v2\/product_tag?post=5471"}],"curies":[{"name":"wp","href":"https:\/\/api.w.org\/{rel}","templated":true}]}}