{"id":5348,"date":"2024-06-04T12:57:22","date_gmt":"2024-06-04T12:57:22","guid":{"rendered":"https:\/\/www.bodensee-cosmetics.com\/Produkte\/bebe-sauvage-shampoo-300ml"},"modified":"2025-05-16T10:39:14","modified_gmt":"2025-05-16T10:39:14","slug":"bebe-sauvage-shampoo-300ml","status":"publish","type":"product","link":"https:\/\/www.bodensee-cosmetics.com\/en\/products\/bebe-sauvage-shampoo-300ml","title":{"rendered":"B\u00c9B\u00c9 SAUVAGE SHAMPOO 300ML"},"content":{"rendered":"<p>Experience a true transformation of your curls with B\u00c9B\u00c9 SAUVAGE SHAMPOO. This specially developed shampoo is ideal for curly, voluminous hair that is difficult to tame. Thanks to its revolutionary formula, completely free of sulphates and silicones, it offers unparalleled softness and a luscious lather. This foam gently coats each strand of hair and ensures thorough but gentle cleansing. The unique composition of B\u00c9B\u00c9 SAUVAGE SHAMPOO ensures that your hair is not only soft, but also shiny. Carefully selected ingredients provide your tresses with intensive moisture and restore their natural suppleness. In addition, the delicate and sophisticated fragrance pampers your senses with every application and transforms your hair routine into a luxurious experience. Of particular note is the hypoallergenic formulation, which makes the shampoo suitable for all scalp types, including the most sensitive. In addition, it is natural, vegan and not tested on animals, meeting your health and environmental requirements. The B\u00c9B\u00c9 SAUVAGE SHAMPOO comes in a practical bottle and has a liquid texture. With a content of 300 ml, the bottle offers enough product to get the most out of your shampoo. The YUKA rating of 79\/100 confirms the high quality of this product. Protect your eyes and avoid contact with cold and moisture for the best results. Experience the difference with B\u00c9B\u00c9 SAUVAGE SHAMPOO and give your hair the care it deserves. Composition INCI &#8211; AQUA, SODIUM COCOAMPHOACETATE, GLYCERIN, LAURYL GLUCOSIDE, DISODIUM COCOYL GLUTAMATE, CICER ARIETINIUM SEED EXTRACT. GUAR HYDROXYPROPYLTRIMONIUM CHLORIDE DIOCTYLDODECYL DODECANEDIOATE, MUSA SAPIENTUM (BANANA) FRUIT EXTRACT. THEOBROMA CACAO (COCOA) FRUIT EXTRACT, ANANAS SATIVUS (PINEAPPLE) FRUIT EXTRACT, BEHENTRIMONIUM CHLORIDE, PARFUM, SORBITOL, SODIUM LAURYL GLUCOSE CARBOXYLATE, SODIUM COCOYL GLUTAMATE. SODIUM BENZOATE, GLYCERYL STEARATE, PROPYLENE GLYCOL. POTASSIUM SORBATE, CETEARYL ALCOHOL, LAURYL ALCOHOL, MYRISTYL ALCOHOL, HYDROLYZED PEA PROTEIN, HYDROLYZED VEGETABLE PROTEIN, ORYZA SATIVA (RICE) EXTRACT.<\/p>\n","protected":false},"excerpt":{"rendered":"<p>The B\u00e9b\u00e9 Sauvage shampoo has been specially developed for curly hair. This delicate, high-foaming product is perfect for pampering your curls. The composition of the shampoo has been chosen to make your hair soft and shiny. Its subtle aroma will give you a pleasant fragrance experience. 100% natural &#8211; 100% French &#8211; 100% cruelty free &#8211; 100% vegan<\/p>\n","protected":false},"featured_media":4932,"template":"","meta":[],"product_brand":[],"product_cat":[250,244,251,252,242,247,253,249],"product_tag":[],"class_list":{"0":"post-5348","1":"product","2":"type-product","3":"status-publish","4":"has-post-thumbnail","6":"product_cat-all-kea-care-products","7":"product_cat-all-our-shampoos","8":"product_cat-curly-texturized-hair","9":"product_cat-curly-hair-curly-frizzy-textured","10":"product_cat-hair","11":"product_cat-kea-hair-temptation","12":"product_cat-liquid-shampoos","13":"product_cat-shampoos-en","15":"first","16":"instock","17":"taxable","18":"shipping-taxable","19":"purchasable","20":"product-type-simple"},"yoast_head":"<!-- This site is optimized with the Yoast SEO plugin v27.4 - https:\/\/yoast.com\/product\/yoast-seo-wordpress\/ -->\n<title>SHAMPOO B\u00c9B\u00c9 SAUVAGE - Bodensee Cosmetics<\/title>\n<meta name=\"description\" content=\"B\u00c9B\u00c9 SAUVAGE SHAMPOO is a gentle, caring shampoo for sensitive children&#039;s hair. It cleanses gently and has a pleasant fragrance.\" \/>\n<meta name=\"robots\" content=\"index, follow, max-snippet:-1, max-image-preview:large, max-video-preview:-1\" \/>\n<link rel=\"canonical\" href=\"https:\/\/www.bodensee-cosmetics.com\/en\/products\/bebe-sauvage-shampoo-300ml\" \/>\n<meta property=\"og:locale\" content=\"en_US\" \/>\n<meta property=\"og:type\" content=\"article\" \/>\n<meta property=\"og:title\" content=\"SHAMPOO B\u00c9B\u00c9 SAUVAGE - Bodensee Cosmetics\" \/>\n<meta property=\"og:description\" content=\"B\u00c9B\u00c9 SAUVAGE SHAMPOO is a gentle, caring shampoo for sensitive children&#039;s hair. It cleanses gently and has a pleasant fragrance.\" \/>\n<meta property=\"og:url\" content=\"https:\/\/www.bodensee-cosmetics.com\/en\/products\/bebe-sauvage-shampoo-300ml\" \/>\n<meta property=\"og:site_name\" content=\"Bodensee Cosmetics\" \/>\n<meta property=\"article:modified_time\" content=\"2025-05-16T10:39:14+00:00\" \/>\n<meta property=\"og:image\" content=\"https:\/\/www.bodensee-cosmetics.com\/wp-content\/uploads\/2024\/06\/KEA0854-scaled.jpg\" \/>\n\t<meta property=\"og:image:width\" content=\"1707\" \/>\n\t<meta property=\"og:image:height\" content=\"2560\" \/>\n\t<meta property=\"og:image:type\" content=\"image\/jpeg\" \/>\n<meta name=\"twitter:card\" content=\"summary_large_image\" \/>\n<script type=\"application\/ld+json\" class=\"yoast-schema-graph\">{\"@context\":\"https:\\\/\\\/schema.org\",\"@graph\":[{\"@type\":\"WebPage\",\"@id\":\"https:\\\/\\\/www.bodensee-cosmetics.com\\\/en\\\/products\\\/bebe-sauvage-shampoo-300ml\",\"url\":\"https:\\\/\\\/www.bodensee-cosmetics.com\\\/en\\\/products\\\/bebe-sauvage-shampoo-300ml\",\"name\":\"SHAMPOO B\u00c9B\u00c9 SAUVAGE - Bodensee Cosmetics\",\"isPartOf\":{\"@id\":\"https:\\\/\\\/www.bodensee-cosmetics.com\\\/en#website\"},\"primaryImageOfPage\":{\"@id\":\"https:\\\/\\\/www.bodensee-cosmetics.com\\\/en\\\/products\\\/bebe-sauvage-shampoo-300ml#primaryimage\"},\"image\":{\"@id\":\"https:\\\/\\\/www.bodensee-cosmetics.com\\\/en\\\/products\\\/bebe-sauvage-shampoo-300ml#primaryimage\"},\"thumbnailUrl\":\"https:\\\/\\\/www.bodensee-cosmetics.com\\\/wp-content\\\/uploads\\\/2024\\\/06\\\/KEA0854-scaled.jpg\",\"datePublished\":\"2024-06-04T12:57:22+00:00\",\"dateModified\":\"2025-05-16T10:39:14+00:00\",\"description\":\"B\u00c9B\u00c9 SAUVAGE SHAMPOO is a gentle, caring shampoo for sensitive children's hair. It cleanses gently and has a pleasant fragrance.\",\"breadcrumb\":{\"@id\":\"https:\\\/\\\/www.bodensee-cosmetics.com\\\/en\\\/products\\\/bebe-sauvage-shampoo-300ml#breadcrumb\"},\"inLanguage\":\"en-US\",\"potentialAction\":[{\"@type\":\"ReadAction\",\"target\":[\"https:\\\/\\\/www.bodensee-cosmetics.com\\\/en\\\/products\\\/bebe-sauvage-shampoo-300ml\"]}]},{\"@type\":\"ImageObject\",\"inLanguage\":\"en-US\",\"@id\":\"https:\\\/\\\/www.bodensee-cosmetics.com\\\/en\\\/products\\\/bebe-sauvage-shampoo-300ml#primaryimage\",\"url\":\"https:\\\/\\\/www.bodensee-cosmetics.com\\\/wp-content\\\/uploads\\\/2024\\\/06\\\/KEA0854-scaled.jpg\",\"contentUrl\":\"https:\\\/\\\/www.bodensee-cosmetics.com\\\/wp-content\\\/uploads\\\/2024\\\/06\\\/KEA0854-scaled.jpg\",\"width\":1707,\"height\":2560,\"caption\":\"B\u00c9B\u00c9 SAUVAGE SHAMPOO\"},{\"@type\":\"BreadcrumbList\",\"@id\":\"https:\\\/\\\/www.bodensee-cosmetics.com\\\/en\\\/products\\\/bebe-sauvage-shampoo-300ml#breadcrumb\",\"itemListElement\":[{\"@type\":\"ListItem\",\"position\":1,\"name\":\"Startseite\",\"item\":\"https:\\\/\\\/www.bodensee-cosmetics.com\\\/en\"},{\"@type\":\"ListItem\",\"position\":2,\"name\":\"Store\",\"item\":\"https:\\\/\\\/www.bodensee-cosmetics.com\\\/shop\"},{\"@type\":\"ListItem\",\"position\":3,\"name\":\"B\u00c9B\u00c9 SAUVAGE SHAMPOO 300ML\"}]},{\"@type\":\"WebSite\",\"@id\":\"https:\\\/\\\/www.bodensee-cosmetics.com\\\/en#website\",\"url\":\"https:\\\/\\\/www.bodensee-cosmetics.com\\\/en\",\"name\":\"Bodensee Cosmetics\",\"description\":\"Wir k&uuml;mmern uns um Sie\",\"publisher\":{\"@id\":\"https:\\\/\\\/www.bodensee-cosmetics.com\\\/en#organization\"},\"potentialAction\":[{\"@type\":\"SearchAction\",\"target\":{\"@type\":\"EntryPoint\",\"urlTemplate\":\"https:\\\/\\\/www.bodensee-cosmetics.com\\\/en?s={search_term_string}\"},\"query-input\":{\"@type\":\"PropertyValueSpecification\",\"valueRequired\":true,\"valueName\":\"search_term_string\"}}],\"inLanguage\":\"en-US\"},{\"@type\":\"Organization\",\"@id\":\"https:\\\/\\\/www.bodensee-cosmetics.com\\\/en#organization\",\"name\":\"Bodensee Cosmetics\",\"url\":\"https:\\\/\\\/www.bodensee-cosmetics.com\\\/en\",\"logo\":{\"@type\":\"ImageObject\",\"inLanguage\":\"en-US\",\"@id\":\"https:\\\/\\\/www.bodensee-cosmetics.com\\\/en#\\\/schema\\\/logo\\\/image\\\/\",\"url\":\"https:\\\/\\\/www.bodensee-cosmetics.com\\\/wp-content\\\/uploads\\\/2024\\\/01\\\/sans-fond-grand.png\",\"contentUrl\":\"https:\\\/\\\/www.bodensee-cosmetics.com\\\/wp-content\\\/uploads\\\/2024\\\/01\\\/sans-fond-grand.png\",\"width\":1080,\"height\":1080,\"caption\":\"Bodensee Cosmetics\"},\"image\":{\"@id\":\"https:\\\/\\\/www.bodensee-cosmetics.com\\\/en#\\\/schema\\\/logo\\\/image\\\/\"}}]}<\/script>\n<!-- \/ Yoast SEO plugin. -->","yoast_head_json":{"title":"SHAMPOO B\u00c9B\u00c9 SAUVAGE - Bodensee Cosmetics","description":"B\u00c9B\u00c9 SAUVAGE SHAMPOO is a gentle, caring shampoo for sensitive children's hair. It cleanses gently and has a pleasant fragrance.","robots":{"index":"index","follow":"follow","max-snippet":"max-snippet:-1","max-image-preview":"max-image-preview:large","max-video-preview":"max-video-preview:-1"},"canonical":"https:\/\/www.bodensee-cosmetics.com\/en\/products\/bebe-sauvage-shampoo-300ml","og_locale":"en_US","og_type":"article","og_title":"SHAMPOO B\u00c9B\u00c9 SAUVAGE - Bodensee Cosmetics","og_description":"B\u00c9B\u00c9 SAUVAGE SHAMPOO is a gentle, caring shampoo for sensitive children's hair. It cleanses gently and has a pleasant fragrance.","og_url":"https:\/\/www.bodensee-cosmetics.com\/en\/products\/bebe-sauvage-shampoo-300ml","og_site_name":"Bodensee Cosmetics","article_modified_time":"2025-05-16T10:39:14+00:00","og_image":[{"width":1707,"height":2560,"url":"https:\/\/www.bodensee-cosmetics.com\/wp-content\/uploads\/2024\/06\/KEA0854-scaled.jpg","type":"image\/jpeg"}],"twitter_card":"summary_large_image","schema":{"@context":"https:\/\/schema.org","@graph":[{"@type":"WebPage","@id":"https:\/\/www.bodensee-cosmetics.com\/en\/products\/bebe-sauvage-shampoo-300ml","url":"https:\/\/www.bodensee-cosmetics.com\/en\/products\/bebe-sauvage-shampoo-300ml","name":"SHAMPOO B\u00c9B\u00c9 SAUVAGE - Bodensee Cosmetics","isPartOf":{"@id":"https:\/\/www.bodensee-cosmetics.com\/en#website"},"primaryImageOfPage":{"@id":"https:\/\/www.bodensee-cosmetics.com\/en\/products\/bebe-sauvage-shampoo-300ml#primaryimage"},"image":{"@id":"https:\/\/www.bodensee-cosmetics.com\/en\/products\/bebe-sauvage-shampoo-300ml#primaryimage"},"thumbnailUrl":"https:\/\/www.bodensee-cosmetics.com\/wp-content\/uploads\/2024\/06\/KEA0854-scaled.jpg","datePublished":"2024-06-04T12:57:22+00:00","dateModified":"2025-05-16T10:39:14+00:00","description":"B\u00c9B\u00c9 SAUVAGE SHAMPOO is a gentle, caring shampoo for sensitive children's hair. It cleanses gently and has a pleasant fragrance.","breadcrumb":{"@id":"https:\/\/www.bodensee-cosmetics.com\/en\/products\/bebe-sauvage-shampoo-300ml#breadcrumb"},"inLanguage":"en-US","potentialAction":[{"@type":"ReadAction","target":["https:\/\/www.bodensee-cosmetics.com\/en\/products\/bebe-sauvage-shampoo-300ml"]}]},{"@type":"ImageObject","inLanguage":"en-US","@id":"https:\/\/www.bodensee-cosmetics.com\/en\/products\/bebe-sauvage-shampoo-300ml#primaryimage","url":"https:\/\/www.bodensee-cosmetics.com\/wp-content\/uploads\/2024\/06\/KEA0854-scaled.jpg","contentUrl":"https:\/\/www.bodensee-cosmetics.com\/wp-content\/uploads\/2024\/06\/KEA0854-scaled.jpg","width":1707,"height":2560,"caption":"B\u00c9B\u00c9 SAUVAGE SHAMPOO"},{"@type":"BreadcrumbList","@id":"https:\/\/www.bodensee-cosmetics.com\/en\/products\/bebe-sauvage-shampoo-300ml#breadcrumb","itemListElement":[{"@type":"ListItem","position":1,"name":"Startseite","item":"https:\/\/www.bodensee-cosmetics.com\/en"},{"@type":"ListItem","position":2,"name":"Store","item":"https:\/\/www.bodensee-cosmetics.com\/shop"},{"@type":"ListItem","position":3,"name":"B\u00c9B\u00c9 SAUVAGE SHAMPOO 300ML"}]},{"@type":"WebSite","@id":"https:\/\/www.bodensee-cosmetics.com\/en#website","url":"https:\/\/www.bodensee-cosmetics.com\/en","name":"Bodensee Cosmetics","description":"Wir k&uuml;mmern uns um Sie","publisher":{"@id":"https:\/\/www.bodensee-cosmetics.com\/en#organization"},"potentialAction":[{"@type":"SearchAction","target":{"@type":"EntryPoint","urlTemplate":"https:\/\/www.bodensee-cosmetics.com\/en?s={search_term_string}"},"query-input":{"@type":"PropertyValueSpecification","valueRequired":true,"valueName":"search_term_string"}}],"inLanguage":"en-US"},{"@type":"Organization","@id":"https:\/\/www.bodensee-cosmetics.com\/en#organization","name":"Bodensee Cosmetics","url":"https:\/\/www.bodensee-cosmetics.com\/en","logo":{"@type":"ImageObject","inLanguage":"en-US","@id":"https:\/\/www.bodensee-cosmetics.com\/en#\/schema\/logo\/image\/","url":"https:\/\/www.bodensee-cosmetics.com\/wp-content\/uploads\/2024\/01\/sans-fond-grand.png","contentUrl":"https:\/\/www.bodensee-cosmetics.com\/wp-content\/uploads\/2024\/01\/sans-fond-grand.png","width":1080,"height":1080,"caption":"Bodensee Cosmetics"},"image":{"@id":"https:\/\/www.bodensee-cosmetics.com\/en#\/schema\/logo\/image\/"}}]}},"_links":{"self":[{"href":"https:\/\/www.bodensee-cosmetics.com\/en\/wp-json\/wp\/v2\/product\/5348","targetHints":{"allow":["GET"]}}],"collection":[{"href":"https:\/\/www.bodensee-cosmetics.com\/en\/wp-json\/wp\/v2\/product"}],"about":[{"href":"https:\/\/www.bodensee-cosmetics.com\/en\/wp-json\/wp\/v2\/types\/product"}],"wp:featuredmedia":[{"embeddable":true,"href":"https:\/\/www.bodensee-cosmetics.com\/en\/wp-json\/wp\/v2\/media\/4932"}],"wp:attachment":[{"href":"https:\/\/www.bodensee-cosmetics.com\/en\/wp-json\/wp\/v2\/media?parent=5348"}],"wp:term":[{"taxonomy":"product_brand","embeddable":true,"href":"https:\/\/www.bodensee-cosmetics.com\/en\/wp-json\/wp\/v2\/product_brand?post=5348"},{"taxonomy":"product_cat","embeddable":true,"href":"https:\/\/www.bodensee-cosmetics.com\/en\/wp-json\/wp\/v2\/product_cat?post=5348"},{"taxonomy":"product_tag","embeddable":true,"href":"https:\/\/www.bodensee-cosmetics.com\/en\/wp-json\/wp\/v2\/product_tag?post=5348"}],"curies":[{"name":"wp","href":"https:\/\/api.w.org\/{rel}","templated":true}]}}