{"id":5347,"date":"2024-06-04T12:47:53","date_gmt":"2024-06-04T12:47:53","guid":{"rendered":"https:\/\/www.bodensee-cosmetics.com\/Produkte\/hair-conditioner-bebe-sauvage-300ml"},"modified":"2025-01-29T10:30:37","modified_gmt":"2025-01-29T10:30:37","slug":"hair-conditioner-bebe-sauvage-300ml","status":"publish","type":"product","link":"https:\/\/www.bodensee-cosmetics.com\/en\/products\/hair-conditioner-bebe-sauvage-300ml","title":{"rendered":"HAIR CONDITIONER B\u00c9B\u00c9 SAUVAGE &#8211; 300ML"},"content":{"rendered":"<p>Discover the B\u00c9B\u00c9 SAUVAGE HAIR RINSE. It gives your hair ultimate shine and suppleness. This conditioner effectively detangles your hair. It also provides a luxurious, silky texture. You will feel the difference immediately after each application. Your hair is easier to comb. It feels incredibly soft. Your hair looks revitalized and full of life. B\u00c9B\u00c9 SAUVAGE HAIR RINSE contains no sulphates and no silicones. It is hypoallergenic, natural and vegan. It has not been tested on animals. This formulation guarantees gentle care. It respects your health and the environment. The conditioner comes in a practical, ergonomic bottle. This bottle facilitates daily use. It allows easy dosing. Waste is thus avoided. You always use the required amount of product. The liquid texture of the conditioner spreads effortlessly through the hair. It offers optimum care. With a content of 300 ml, you can use the product for a long time. The YUKA rating of 86\/100 confirms the high quality. Store B\u00c9B\u00c9 SAUVAGE HAIR RINSE away from heat and moisture. Avoid contact with the eyes. Experience the gentle, caring effect. Enjoy smooth, healthy-looking hair. Composition INCI &#8211; AQUA, COCO CAPRATE\/CAPRYLATE, GLYCERIN, PRUNUS AMYGDALUS DULCIS OIL, CETEARYL ALCOHOL, CICER ARIETINIUM SEED EXTRACT, MURUMURU BUTTER, BEHENTRIMONIUM CHLORIDE, CANDELILLA\/JOJOBA\/RICE BRAN POLYGLYCERYL-3 ESTERS, GLYCERYL STEARATE, JOJOBA ESTERS, HELIANTHUS ANNUUS (SUNFLOWER) SEED WAX, SODIUM STEAROYL LACTYLATE, SORBITOL, PARFUM, SODIUM BENZOATE, GUAR HYDROXYPROPYLTRIMONIUM CHLORIDE, TOCOPHEROL, POLYGLYCERIN-3<\/p>\n","protected":false},"excerpt":{"rendered":"<p>B\u00e9b\u00e9 Sauvage Conditioner effectively detangles your hair while leaving it exceptionally smooth. After each application, your hair becomes easier to comb, smoother and incredibly pleasant to the touch. In addition to its beneficial properties, this conditioner is completely natural and made in France. It is also completely cruelty free and vegan, guaranteeing an ethical and environmentally conscious approach to beauty.<\/p>\n","protected":false},"featured_media":5082,"template":"","meta":[],"product_brand":[],"product_cat":[250,248,251,252,242,243,247,245],"product_tag":[],"class_list":{"0":"post-5347","1":"product","2":"type-product","3":"status-publish","4":"has-post-thumbnail","6":"product_cat-all-kea-care-products","7":"product_cat-care-masks-and-hair-detanglers","8":"product_cat-curly-texturized-hair","9":"product_cat-curly-hair-curly-frizzy-textured","10":"product_cat-hair","11":"product_cat-hair-care","12":"product_cat-kea-hair-temptation","13":"product_cat-masks-and-rinses","15":"first","16":"instock","17":"taxable","18":"shipping-taxable","19":"purchasable","20":"product-type-simple"},"yoast_head":"<!-- This site is optimized with the Yoast SEO plugin v27.4 - https:\/\/yoast.com\/product\/yoast-seo-wordpress\/ -->\n<title>HAIR CONDITIONER B\u00c9B\u00c9 SAUVAGE - Bodensee Cosmetics<\/title>\n<meta name=\"description\" content=\"B\u00c9B\u00c9 SAUVAGE HAIR RINSE: Gentle conditioner for smooth, shiny children&#039;s hair with a delicate fragrance and nourishing effect.\" \/>\n<meta name=\"robots\" content=\"index, follow, max-snippet:-1, max-image-preview:large, max-video-preview:-1\" \/>\n<link rel=\"canonical\" href=\"https:\/\/www.bodensee-cosmetics.com\/en\/products\/hair-conditioner-bebe-sauvage-300ml\" \/>\n<meta property=\"og:locale\" content=\"en_US\" \/>\n<meta property=\"og:type\" content=\"article\" \/>\n<meta property=\"og:title\" content=\"HAIR CONDITIONER B\u00c9B\u00c9 SAUVAGE - Bodensee Cosmetics\" \/>\n<meta property=\"og:description\" content=\"B\u00c9B\u00c9 SAUVAGE HAIR RINSE: Gentle conditioner for smooth, shiny children&#039;s hair with a delicate fragrance and nourishing effect.\" \/>\n<meta property=\"og:url\" content=\"https:\/\/www.bodensee-cosmetics.com\/en\/products\/hair-conditioner-bebe-sauvage-300ml\" \/>\n<meta property=\"og:site_name\" content=\"Bodensee Cosmetics\" \/>\n<meta property=\"article:modified_time\" content=\"2025-01-29T10:30:37+00:00\" \/>\n<meta property=\"og:image\" content=\"https:\/\/www.bodensee-cosmetics.com\/wp-content\/uploads\/2024\/06\/KEA0816-1320x1980-1.jpg\" \/>\n\t<meta property=\"og:image:width\" content=\"1320\" \/>\n\t<meta property=\"og:image:height\" content=\"1980\" \/>\n\t<meta property=\"og:image:type\" content=\"image\/jpeg\" \/>\n<meta name=\"twitter:card\" content=\"summary_large_image\" \/>\n<script type=\"application\/ld+json\" class=\"yoast-schema-graph\">{\"@context\":\"https:\\\/\\\/schema.org\",\"@graph\":[{\"@type\":\"WebPage\",\"@id\":\"https:\\\/\\\/www.bodensee-cosmetics.com\\\/en\\\/products\\\/hair-conditioner-bebe-sauvage-300ml\",\"url\":\"https:\\\/\\\/www.bodensee-cosmetics.com\\\/en\\\/products\\\/hair-conditioner-bebe-sauvage-300ml\",\"name\":\"HAIR CONDITIONER B\u00c9B\u00c9 SAUVAGE - Bodensee Cosmetics\",\"isPartOf\":{\"@id\":\"https:\\\/\\\/www.bodensee-cosmetics.com\\\/en#website\"},\"primaryImageOfPage\":{\"@id\":\"https:\\\/\\\/www.bodensee-cosmetics.com\\\/en\\\/products\\\/hair-conditioner-bebe-sauvage-300ml#primaryimage\"},\"image\":{\"@id\":\"https:\\\/\\\/www.bodensee-cosmetics.com\\\/en\\\/products\\\/hair-conditioner-bebe-sauvage-300ml#primaryimage\"},\"thumbnailUrl\":\"https:\\\/\\\/www.bodensee-cosmetics.com\\\/wp-content\\\/uploads\\\/2024\\\/06\\\/KEA0816-1320x1980-1.jpg\",\"datePublished\":\"2024-06-04T12:47:53+00:00\",\"dateModified\":\"2025-01-29T10:30:37+00:00\",\"description\":\"B\u00c9B\u00c9 SAUVAGE HAIR RINSE: Gentle conditioner for smooth, shiny children's hair with a delicate fragrance and nourishing effect.\",\"breadcrumb\":{\"@id\":\"https:\\\/\\\/www.bodensee-cosmetics.com\\\/en\\\/products\\\/hair-conditioner-bebe-sauvage-300ml#breadcrumb\"},\"inLanguage\":\"en-US\",\"potentialAction\":[{\"@type\":\"ReadAction\",\"target\":[\"https:\\\/\\\/www.bodensee-cosmetics.com\\\/en\\\/products\\\/hair-conditioner-bebe-sauvage-300ml\"]}]},{\"@type\":\"ImageObject\",\"inLanguage\":\"en-US\",\"@id\":\"https:\\\/\\\/www.bodensee-cosmetics.com\\\/en\\\/products\\\/hair-conditioner-bebe-sauvage-300ml#primaryimage\",\"url\":\"https:\\\/\\\/www.bodensee-cosmetics.com\\\/wp-content\\\/uploads\\\/2024\\\/06\\\/KEA0816-1320x1980-1.jpg\",\"contentUrl\":\"https:\\\/\\\/www.bodensee-cosmetics.com\\\/wp-content\\\/uploads\\\/2024\\\/06\\\/KEA0816-1320x1980-1.jpg\",\"width\":1320,\"height\":1980,\"caption\":\"HAIR CONDITIONER B\u00c9B\u00c9 SAUVAGE\"},{\"@type\":\"BreadcrumbList\",\"@id\":\"https:\\\/\\\/www.bodensee-cosmetics.com\\\/en\\\/products\\\/hair-conditioner-bebe-sauvage-300ml#breadcrumb\",\"itemListElement\":[{\"@type\":\"ListItem\",\"position\":1,\"name\":\"Startseite\",\"item\":\"https:\\\/\\\/www.bodensee-cosmetics.com\\\/en\"},{\"@type\":\"ListItem\",\"position\":2,\"name\":\"Store\",\"item\":\"https:\\\/\\\/www.bodensee-cosmetics.com\\\/shop\"},{\"@type\":\"ListItem\",\"position\":3,\"name\":\"HAIR CONDITIONER B\u00c9B\u00c9 SAUVAGE &#8211; 300ML\"}]},{\"@type\":\"WebSite\",\"@id\":\"https:\\\/\\\/www.bodensee-cosmetics.com\\\/en#website\",\"url\":\"https:\\\/\\\/www.bodensee-cosmetics.com\\\/en\",\"name\":\"Bodensee Cosmetics\",\"description\":\"Wir k&uuml;mmern uns um Sie\",\"publisher\":{\"@id\":\"https:\\\/\\\/www.bodensee-cosmetics.com\\\/en#organization\"},\"potentialAction\":[{\"@type\":\"SearchAction\",\"target\":{\"@type\":\"EntryPoint\",\"urlTemplate\":\"https:\\\/\\\/www.bodensee-cosmetics.com\\\/en?s={search_term_string}\"},\"query-input\":{\"@type\":\"PropertyValueSpecification\",\"valueRequired\":true,\"valueName\":\"search_term_string\"}}],\"inLanguage\":\"en-US\"},{\"@type\":\"Organization\",\"@id\":\"https:\\\/\\\/www.bodensee-cosmetics.com\\\/en#organization\",\"name\":\"Bodensee Cosmetics\",\"url\":\"https:\\\/\\\/www.bodensee-cosmetics.com\\\/en\",\"logo\":{\"@type\":\"ImageObject\",\"inLanguage\":\"en-US\",\"@id\":\"https:\\\/\\\/www.bodensee-cosmetics.com\\\/en#\\\/schema\\\/logo\\\/image\\\/\",\"url\":\"https:\\\/\\\/www.bodensee-cosmetics.com\\\/wp-content\\\/uploads\\\/2024\\\/01\\\/sans-fond-grand.png\",\"contentUrl\":\"https:\\\/\\\/www.bodensee-cosmetics.com\\\/wp-content\\\/uploads\\\/2024\\\/01\\\/sans-fond-grand.png\",\"width\":1080,\"height\":1080,\"caption\":\"Bodensee Cosmetics\"},\"image\":{\"@id\":\"https:\\\/\\\/www.bodensee-cosmetics.com\\\/en#\\\/schema\\\/logo\\\/image\\\/\"}}]}<\/script>\n<!-- \/ Yoast SEO plugin. -->","yoast_head_json":{"title":"HAIR CONDITIONER B\u00c9B\u00c9 SAUVAGE - Bodensee Cosmetics","description":"B\u00c9B\u00c9 SAUVAGE HAIR RINSE: Gentle conditioner for smooth, shiny children's hair with a delicate fragrance and nourishing effect.","robots":{"index":"index","follow":"follow","max-snippet":"max-snippet:-1","max-image-preview":"max-image-preview:large","max-video-preview":"max-video-preview:-1"},"canonical":"https:\/\/www.bodensee-cosmetics.com\/en\/products\/hair-conditioner-bebe-sauvage-300ml","og_locale":"en_US","og_type":"article","og_title":"HAIR CONDITIONER B\u00c9B\u00c9 SAUVAGE - Bodensee Cosmetics","og_description":"B\u00c9B\u00c9 SAUVAGE HAIR RINSE: Gentle conditioner for smooth, shiny children's hair with a delicate fragrance and nourishing effect.","og_url":"https:\/\/www.bodensee-cosmetics.com\/en\/products\/hair-conditioner-bebe-sauvage-300ml","og_site_name":"Bodensee Cosmetics","article_modified_time":"2025-01-29T10:30:37+00:00","og_image":[{"width":1320,"height":1980,"url":"https:\/\/www.bodensee-cosmetics.com\/wp-content\/uploads\/2024\/06\/KEA0816-1320x1980-1.jpg","type":"image\/jpeg"}],"twitter_card":"summary_large_image","schema":{"@context":"https:\/\/schema.org","@graph":[{"@type":"WebPage","@id":"https:\/\/www.bodensee-cosmetics.com\/en\/products\/hair-conditioner-bebe-sauvage-300ml","url":"https:\/\/www.bodensee-cosmetics.com\/en\/products\/hair-conditioner-bebe-sauvage-300ml","name":"HAIR CONDITIONER B\u00c9B\u00c9 SAUVAGE - Bodensee Cosmetics","isPartOf":{"@id":"https:\/\/www.bodensee-cosmetics.com\/en#website"},"primaryImageOfPage":{"@id":"https:\/\/www.bodensee-cosmetics.com\/en\/products\/hair-conditioner-bebe-sauvage-300ml#primaryimage"},"image":{"@id":"https:\/\/www.bodensee-cosmetics.com\/en\/products\/hair-conditioner-bebe-sauvage-300ml#primaryimage"},"thumbnailUrl":"https:\/\/www.bodensee-cosmetics.com\/wp-content\/uploads\/2024\/06\/KEA0816-1320x1980-1.jpg","datePublished":"2024-06-04T12:47:53+00:00","dateModified":"2025-01-29T10:30:37+00:00","description":"B\u00c9B\u00c9 SAUVAGE HAIR RINSE: Gentle conditioner for smooth, shiny children's hair with a delicate fragrance and nourishing effect.","breadcrumb":{"@id":"https:\/\/www.bodensee-cosmetics.com\/en\/products\/hair-conditioner-bebe-sauvage-300ml#breadcrumb"},"inLanguage":"en-US","potentialAction":[{"@type":"ReadAction","target":["https:\/\/www.bodensee-cosmetics.com\/en\/products\/hair-conditioner-bebe-sauvage-300ml"]}]},{"@type":"ImageObject","inLanguage":"en-US","@id":"https:\/\/www.bodensee-cosmetics.com\/en\/products\/hair-conditioner-bebe-sauvage-300ml#primaryimage","url":"https:\/\/www.bodensee-cosmetics.com\/wp-content\/uploads\/2024\/06\/KEA0816-1320x1980-1.jpg","contentUrl":"https:\/\/www.bodensee-cosmetics.com\/wp-content\/uploads\/2024\/06\/KEA0816-1320x1980-1.jpg","width":1320,"height":1980,"caption":"HAIR CONDITIONER B\u00c9B\u00c9 SAUVAGE"},{"@type":"BreadcrumbList","@id":"https:\/\/www.bodensee-cosmetics.com\/en\/products\/hair-conditioner-bebe-sauvage-300ml#breadcrumb","itemListElement":[{"@type":"ListItem","position":1,"name":"Startseite","item":"https:\/\/www.bodensee-cosmetics.com\/en"},{"@type":"ListItem","position":2,"name":"Store","item":"https:\/\/www.bodensee-cosmetics.com\/shop"},{"@type":"ListItem","position":3,"name":"HAIR CONDITIONER B\u00c9B\u00c9 SAUVAGE &#8211; 300ML"}]},{"@type":"WebSite","@id":"https:\/\/www.bodensee-cosmetics.com\/en#website","url":"https:\/\/www.bodensee-cosmetics.com\/en","name":"Bodensee Cosmetics","description":"Wir k&uuml;mmern uns um Sie","publisher":{"@id":"https:\/\/www.bodensee-cosmetics.com\/en#organization"},"potentialAction":[{"@type":"SearchAction","target":{"@type":"EntryPoint","urlTemplate":"https:\/\/www.bodensee-cosmetics.com\/en?s={search_term_string}"},"query-input":{"@type":"PropertyValueSpecification","valueRequired":true,"valueName":"search_term_string"}}],"inLanguage":"en-US"},{"@type":"Organization","@id":"https:\/\/www.bodensee-cosmetics.com\/en#organization","name":"Bodensee Cosmetics","url":"https:\/\/www.bodensee-cosmetics.com\/en","logo":{"@type":"ImageObject","inLanguage":"en-US","@id":"https:\/\/www.bodensee-cosmetics.com\/en#\/schema\/logo\/image\/","url":"https:\/\/www.bodensee-cosmetics.com\/wp-content\/uploads\/2024\/01\/sans-fond-grand.png","contentUrl":"https:\/\/www.bodensee-cosmetics.com\/wp-content\/uploads\/2024\/01\/sans-fond-grand.png","width":1080,"height":1080,"caption":"Bodensee Cosmetics"},"image":{"@id":"https:\/\/www.bodensee-cosmetics.com\/en#\/schema\/logo\/image\/"}}]}},"_links":{"self":[{"href":"https:\/\/www.bodensee-cosmetics.com\/en\/wp-json\/wp\/v2\/product\/5347","targetHints":{"allow":["GET"]}}],"collection":[{"href":"https:\/\/www.bodensee-cosmetics.com\/en\/wp-json\/wp\/v2\/product"}],"about":[{"href":"https:\/\/www.bodensee-cosmetics.com\/en\/wp-json\/wp\/v2\/types\/product"}],"wp:featuredmedia":[{"embeddable":true,"href":"https:\/\/www.bodensee-cosmetics.com\/en\/wp-json\/wp\/v2\/media\/5082"}],"wp:attachment":[{"href":"https:\/\/www.bodensee-cosmetics.com\/en\/wp-json\/wp\/v2\/media?parent=5347"}],"wp:term":[{"taxonomy":"product_brand","embeddable":true,"href":"https:\/\/www.bodensee-cosmetics.com\/en\/wp-json\/wp\/v2\/product_brand?post=5347"},{"taxonomy":"product_cat","embeddable":true,"href":"https:\/\/www.bodensee-cosmetics.com\/en\/wp-json\/wp\/v2\/product_cat?post=5347"},{"taxonomy":"product_tag","embeddable":true,"href":"https:\/\/www.bodensee-cosmetics.com\/en\/wp-json\/wp\/v2\/product_tag?post=5347"}],"curies":[{"name":"wp","href":"https:\/\/api.w.org\/{rel}","templated":true}]}}