{"id":5346,"date":"2024-06-04T12:29:56","date_gmt":"2024-06-04T12:29:56","guid":{"rendered":"https:\/\/www.bodensee-cosmetics.com\/Produkte\/curly-milk-shake-bebe-damour-300ml"},"modified":"2025-01-29T10:30:28","modified_gmt":"2025-01-29T10:30:28","slug":"curly-milk-shake-bebe-damour-300ml","status":"publish","type":"product","link":"https:\/\/www.bodensee-cosmetics.com\/en\/products\/curly-milk-shake-bebe-damour-300ml","title":{"rendered":"CURLY MILK SHAKE B\u00c9B\u00c9 D&#8217;AMOUR &#8211; 300ML"},"content":{"rendered":"<p>The B\u00c9B\u00c9 D&#8217;AMOUR CURLY MILK SHAKE cares for curly hair in particular with nourishing care. It also precisely defines your curls, provides intensive moisture and preserves your hair&#8217;s natural elasticity. This milkshake contains curl-activating ingredients that effectively activate your curls while deeply nourishing your hair. Thanks to its unique formulation, it provides comprehensive hydration, strengthens the natural structure of your curls and maintains their elasticity. As a result, your hair gains vitality and shine, while your curls remain perfectly defined and vibrant. The B\u00c9B\u00c9 D&#8217;AMOUR CURLY MILK SHAKE is therefore much more than just a care product &#8211; it offers a complete and nourishing treatment for your curls. Pamper your hair with this innovative hair milk and enjoy perfectly defined, hydrated and vital curls. Ideally, you should also integrate this milkshake into your care routine to maintain radiant and healthy curly hair. The nourishing cream gel can either be rinsed out or used as a leave-in. It also contains no sulphates, no silicones, is hypoallergenic, natural, vegan and not tested on animals. The practical container makes it easy to use and the liquid texture spreads evenly through the hair. With a content of 300 ml, you get the most out of the product. The YUKA rating of 79\/100 also confirms its high quality. For best results, store LOCKENMILCHSHAKE B\u00c9B\u00c9 D&#8217;AMOUR in a cool, dry place and avoid contact with the eyes. INCI COMPOSITION &#8211; AQUA, CETEARYL ALCOHOL, CICER ARIETINIUM SEED EXTRACT, COCO-CAPRYLATE\/COCO-CAPRATE, BEHENTRIMONIUM CHLORIDE, CETRIMONIUM CHLORIDE, POLYQUATERNIUM-37, DICAPRYLYL CARBONATE, SODIUM BENZOATE, PARFUM, POTASSIUM SORBATE, LAURYL GLUCOSIDE.<\/p>\n","protected":false},"excerpt":{"rendered":"<p>The B\u00e9b\u00e9 d&#8217;amour curl milkshake has been specially developed for curly hair and offers optimal nourishing care. It redefines your curls while moisturizing your hair and maintaining its natural elasticity. It is also 100% cruelty free and 100% vegan, guaranteeing ethical and environmentally conscious beauty.<\/p>\n","protected":false},"featured_media":4937,"template":"","meta":[],"product_brand":[],"product_cat":[250,248,251,252,242,243,247,245],"product_tag":[],"class_list":{"0":"post-5346","1":"product","2":"type-product","3":"status-publish","4":"has-post-thumbnail","6":"product_cat-all-kea-care-products","7":"product_cat-care-masks-and-hair-detanglers","8":"product_cat-curly-texturized-hair","9":"product_cat-curly-hair-curly-frizzy-textured","10":"product_cat-hair","11":"product_cat-hair-care","12":"product_cat-kea-hair-temptation","13":"product_cat-masks-and-rinses","15":"first","16":"instock","17":"taxable","18":"shipping-taxable","19":"purchasable","20":"product-type-simple"},"yoast_head":"<!-- This site is optimized with the Yoast SEO plugin v27.4 - https:\/\/yoast.com\/product\/yoast-seo-wordpress\/ -->\n<title>CURLY MILKSHAKE B\u00c9B\u00c9 D&#039;AMOUR - Bodensee Cosmetics<\/title>\n<meta name=\"description\" content=\"LOCKENMILCHSHAKE B\u00c9B\u00c9 D&#039;AMOUR nourishes and defines your curls with intensive moisture and suppleness. Ideal for soft and well-defined curls.\" \/>\n<meta name=\"robots\" content=\"index, follow, max-snippet:-1, max-image-preview:large, max-video-preview:-1\" \/>\n<link rel=\"canonical\" href=\"https:\/\/www.bodensee-cosmetics.com\/en\/products\/curly-milk-shake-bebe-damour-300ml\" \/>\n<meta property=\"og:locale\" content=\"en_US\" \/>\n<meta property=\"og:type\" content=\"article\" \/>\n<meta property=\"og:title\" content=\"CURLY MILKSHAKE B\u00c9B\u00c9 D&#039;AMOUR - Bodensee Cosmetics\" \/>\n<meta property=\"og:description\" content=\"LOCKENMILCHSHAKE B\u00c9B\u00c9 D&#039;AMOUR nourishes and defines your curls with intensive moisture and suppleness. Ideal for soft and well-defined curls.\" \/>\n<meta property=\"og:url\" content=\"https:\/\/www.bodensee-cosmetics.com\/en\/products\/curly-milk-shake-bebe-damour-300ml\" \/>\n<meta property=\"og:site_name\" content=\"Bodensee Cosmetics\" \/>\n<meta property=\"article:modified_time\" content=\"2025-01-29T10:30:28+00:00\" \/>\n<meta property=\"og:image\" content=\"https:\/\/www.bodensee-cosmetics.com\/wp-content\/uploads\/2024\/06\/image00004-1-1097x1536-1.jpeg\" \/>\n\t<meta property=\"og:image:width\" content=\"1097\" \/>\n\t<meta property=\"og:image:height\" content=\"1536\" \/>\n\t<meta property=\"og:image:type\" content=\"image\/jpeg\" \/>\n<meta name=\"twitter:card\" content=\"summary_large_image\" \/>\n<script type=\"application\/ld+json\" class=\"yoast-schema-graph\">{\"@context\":\"https:\\\/\\\/schema.org\",\"@graph\":[{\"@type\":\"WebPage\",\"@id\":\"https:\\\/\\\/www.bodensee-cosmetics.com\\\/en\\\/products\\\/curly-milk-shake-bebe-damour-300ml\",\"url\":\"https:\\\/\\\/www.bodensee-cosmetics.com\\\/en\\\/products\\\/curly-milk-shake-bebe-damour-300ml\",\"name\":\"CURLY MILKSHAKE B\u00c9B\u00c9 D'AMOUR - Bodensee Cosmetics\",\"isPartOf\":{\"@id\":\"https:\\\/\\\/www.bodensee-cosmetics.com\\\/en#website\"},\"primaryImageOfPage\":{\"@id\":\"https:\\\/\\\/www.bodensee-cosmetics.com\\\/en\\\/products\\\/curly-milk-shake-bebe-damour-300ml#primaryimage\"},\"image\":{\"@id\":\"https:\\\/\\\/www.bodensee-cosmetics.com\\\/en\\\/products\\\/curly-milk-shake-bebe-damour-300ml#primaryimage\"},\"thumbnailUrl\":\"https:\\\/\\\/www.bodensee-cosmetics.com\\\/wp-content\\\/uploads\\\/2024\\\/06\\\/image00004-1-1097x1536-1.jpeg\",\"datePublished\":\"2024-06-04T12:29:56+00:00\",\"dateModified\":\"2025-01-29T10:30:28+00:00\",\"description\":\"LOCKENMILCHSHAKE B\u00c9B\u00c9 D'AMOUR nourishes and defines your curls with intensive moisture and suppleness. Ideal for soft and well-defined curls.\",\"breadcrumb\":{\"@id\":\"https:\\\/\\\/www.bodensee-cosmetics.com\\\/en\\\/products\\\/curly-milk-shake-bebe-damour-300ml#breadcrumb\"},\"inLanguage\":\"en-US\",\"potentialAction\":[{\"@type\":\"ReadAction\",\"target\":[\"https:\\\/\\\/www.bodensee-cosmetics.com\\\/en\\\/products\\\/curly-milk-shake-bebe-damour-300ml\"]}]},{\"@type\":\"ImageObject\",\"inLanguage\":\"en-US\",\"@id\":\"https:\\\/\\\/www.bodensee-cosmetics.com\\\/en\\\/products\\\/curly-milk-shake-bebe-damour-300ml#primaryimage\",\"url\":\"https:\\\/\\\/www.bodensee-cosmetics.com\\\/wp-content\\\/uploads\\\/2024\\\/06\\\/image00004-1-1097x1536-1.jpeg\",\"contentUrl\":\"https:\\\/\\\/www.bodensee-cosmetics.com\\\/wp-content\\\/uploads\\\/2024\\\/06\\\/image00004-1-1097x1536-1.jpeg\",\"width\":1097,\"height\":1536,\"caption\":\"CURLY MILKSHAKE B\u00c9B\u00c9 D'AMOUR\"},{\"@type\":\"BreadcrumbList\",\"@id\":\"https:\\\/\\\/www.bodensee-cosmetics.com\\\/en\\\/products\\\/curly-milk-shake-bebe-damour-300ml#breadcrumb\",\"itemListElement\":[{\"@type\":\"ListItem\",\"position\":1,\"name\":\"Startseite\",\"item\":\"https:\\\/\\\/www.bodensee-cosmetics.com\\\/en\"},{\"@type\":\"ListItem\",\"position\":2,\"name\":\"Store\",\"item\":\"https:\\\/\\\/www.bodensee-cosmetics.com\\\/shop\"},{\"@type\":\"ListItem\",\"position\":3,\"name\":\"CURLY MILK SHAKE B\u00c9B\u00c9 D&#8217;AMOUR &#8211; 300ML\"}]},{\"@type\":\"WebSite\",\"@id\":\"https:\\\/\\\/www.bodensee-cosmetics.com\\\/en#website\",\"url\":\"https:\\\/\\\/www.bodensee-cosmetics.com\\\/en\",\"name\":\"Bodensee Cosmetics\",\"description\":\"Wir k&uuml;mmern uns um Sie\",\"publisher\":{\"@id\":\"https:\\\/\\\/www.bodensee-cosmetics.com\\\/en#organization\"},\"potentialAction\":[{\"@type\":\"SearchAction\",\"target\":{\"@type\":\"EntryPoint\",\"urlTemplate\":\"https:\\\/\\\/www.bodensee-cosmetics.com\\\/en?s={search_term_string}\"},\"query-input\":{\"@type\":\"PropertyValueSpecification\",\"valueRequired\":true,\"valueName\":\"search_term_string\"}}],\"inLanguage\":\"en-US\"},{\"@type\":\"Organization\",\"@id\":\"https:\\\/\\\/www.bodensee-cosmetics.com\\\/en#organization\",\"name\":\"Bodensee Cosmetics\",\"url\":\"https:\\\/\\\/www.bodensee-cosmetics.com\\\/en\",\"logo\":{\"@type\":\"ImageObject\",\"inLanguage\":\"en-US\",\"@id\":\"https:\\\/\\\/www.bodensee-cosmetics.com\\\/en#\\\/schema\\\/logo\\\/image\\\/\",\"url\":\"https:\\\/\\\/www.bodensee-cosmetics.com\\\/wp-content\\\/uploads\\\/2024\\\/01\\\/sans-fond-grand.png\",\"contentUrl\":\"https:\\\/\\\/www.bodensee-cosmetics.com\\\/wp-content\\\/uploads\\\/2024\\\/01\\\/sans-fond-grand.png\",\"width\":1080,\"height\":1080,\"caption\":\"Bodensee Cosmetics\"},\"image\":{\"@id\":\"https:\\\/\\\/www.bodensee-cosmetics.com\\\/en#\\\/schema\\\/logo\\\/image\\\/\"}}]}<\/script>\n<!-- \/ Yoast SEO plugin. -->","yoast_head_json":{"title":"CURLY MILKSHAKE B\u00c9B\u00c9 D'AMOUR - Bodensee Cosmetics","description":"LOCKENMILCHSHAKE B\u00c9B\u00c9 D'AMOUR nourishes and defines your curls with intensive moisture and suppleness. Ideal for soft and well-defined curls.","robots":{"index":"index","follow":"follow","max-snippet":"max-snippet:-1","max-image-preview":"max-image-preview:large","max-video-preview":"max-video-preview:-1"},"canonical":"https:\/\/www.bodensee-cosmetics.com\/en\/products\/curly-milk-shake-bebe-damour-300ml","og_locale":"en_US","og_type":"article","og_title":"CURLY MILKSHAKE B\u00c9B\u00c9 D'AMOUR - Bodensee Cosmetics","og_description":"LOCKENMILCHSHAKE B\u00c9B\u00c9 D'AMOUR nourishes and defines your curls with intensive moisture and suppleness. Ideal for soft and well-defined curls.","og_url":"https:\/\/www.bodensee-cosmetics.com\/en\/products\/curly-milk-shake-bebe-damour-300ml","og_site_name":"Bodensee Cosmetics","article_modified_time":"2025-01-29T10:30:28+00:00","og_image":[{"width":1097,"height":1536,"url":"https:\/\/www.bodensee-cosmetics.com\/wp-content\/uploads\/2024\/06\/image00004-1-1097x1536-1.jpeg","type":"image\/jpeg"}],"twitter_card":"summary_large_image","schema":{"@context":"https:\/\/schema.org","@graph":[{"@type":"WebPage","@id":"https:\/\/www.bodensee-cosmetics.com\/en\/products\/curly-milk-shake-bebe-damour-300ml","url":"https:\/\/www.bodensee-cosmetics.com\/en\/products\/curly-milk-shake-bebe-damour-300ml","name":"CURLY MILKSHAKE B\u00c9B\u00c9 D'AMOUR - Bodensee Cosmetics","isPartOf":{"@id":"https:\/\/www.bodensee-cosmetics.com\/en#website"},"primaryImageOfPage":{"@id":"https:\/\/www.bodensee-cosmetics.com\/en\/products\/curly-milk-shake-bebe-damour-300ml#primaryimage"},"image":{"@id":"https:\/\/www.bodensee-cosmetics.com\/en\/products\/curly-milk-shake-bebe-damour-300ml#primaryimage"},"thumbnailUrl":"https:\/\/www.bodensee-cosmetics.com\/wp-content\/uploads\/2024\/06\/image00004-1-1097x1536-1.jpeg","datePublished":"2024-06-04T12:29:56+00:00","dateModified":"2025-01-29T10:30:28+00:00","description":"LOCKENMILCHSHAKE B\u00c9B\u00c9 D'AMOUR nourishes and defines your curls with intensive moisture and suppleness. Ideal for soft and well-defined curls.","breadcrumb":{"@id":"https:\/\/www.bodensee-cosmetics.com\/en\/products\/curly-milk-shake-bebe-damour-300ml#breadcrumb"},"inLanguage":"en-US","potentialAction":[{"@type":"ReadAction","target":["https:\/\/www.bodensee-cosmetics.com\/en\/products\/curly-milk-shake-bebe-damour-300ml"]}]},{"@type":"ImageObject","inLanguage":"en-US","@id":"https:\/\/www.bodensee-cosmetics.com\/en\/products\/curly-milk-shake-bebe-damour-300ml#primaryimage","url":"https:\/\/www.bodensee-cosmetics.com\/wp-content\/uploads\/2024\/06\/image00004-1-1097x1536-1.jpeg","contentUrl":"https:\/\/www.bodensee-cosmetics.com\/wp-content\/uploads\/2024\/06\/image00004-1-1097x1536-1.jpeg","width":1097,"height":1536,"caption":"CURLY MILKSHAKE B\u00c9B\u00c9 D'AMOUR"},{"@type":"BreadcrumbList","@id":"https:\/\/www.bodensee-cosmetics.com\/en\/products\/curly-milk-shake-bebe-damour-300ml#breadcrumb","itemListElement":[{"@type":"ListItem","position":1,"name":"Startseite","item":"https:\/\/www.bodensee-cosmetics.com\/en"},{"@type":"ListItem","position":2,"name":"Store","item":"https:\/\/www.bodensee-cosmetics.com\/shop"},{"@type":"ListItem","position":3,"name":"CURLY MILK SHAKE B\u00c9B\u00c9 D&#8217;AMOUR &#8211; 300ML"}]},{"@type":"WebSite","@id":"https:\/\/www.bodensee-cosmetics.com\/en#website","url":"https:\/\/www.bodensee-cosmetics.com\/en","name":"Bodensee Cosmetics","description":"Wir k&uuml;mmern uns um Sie","publisher":{"@id":"https:\/\/www.bodensee-cosmetics.com\/en#organization"},"potentialAction":[{"@type":"SearchAction","target":{"@type":"EntryPoint","urlTemplate":"https:\/\/www.bodensee-cosmetics.com\/en?s={search_term_string}"},"query-input":{"@type":"PropertyValueSpecification","valueRequired":true,"valueName":"search_term_string"}}],"inLanguage":"en-US"},{"@type":"Organization","@id":"https:\/\/www.bodensee-cosmetics.com\/en#organization","name":"Bodensee Cosmetics","url":"https:\/\/www.bodensee-cosmetics.com\/en","logo":{"@type":"ImageObject","inLanguage":"en-US","@id":"https:\/\/www.bodensee-cosmetics.com\/en#\/schema\/logo\/image\/","url":"https:\/\/www.bodensee-cosmetics.com\/wp-content\/uploads\/2024\/01\/sans-fond-grand.png","contentUrl":"https:\/\/www.bodensee-cosmetics.com\/wp-content\/uploads\/2024\/01\/sans-fond-grand.png","width":1080,"height":1080,"caption":"Bodensee Cosmetics"},"image":{"@id":"https:\/\/www.bodensee-cosmetics.com\/en#\/schema\/logo\/image\/"}}]}},"_links":{"self":[{"href":"https:\/\/www.bodensee-cosmetics.com\/en\/wp-json\/wp\/v2\/product\/5346","targetHints":{"allow":["GET"]}}],"collection":[{"href":"https:\/\/www.bodensee-cosmetics.com\/en\/wp-json\/wp\/v2\/product"}],"about":[{"href":"https:\/\/www.bodensee-cosmetics.com\/en\/wp-json\/wp\/v2\/types\/product"}],"wp:featuredmedia":[{"embeddable":true,"href":"https:\/\/www.bodensee-cosmetics.com\/en\/wp-json\/wp\/v2\/media\/4937"}],"wp:attachment":[{"href":"https:\/\/www.bodensee-cosmetics.com\/en\/wp-json\/wp\/v2\/media?parent=5346"}],"wp:term":[{"taxonomy":"product_brand","embeddable":true,"href":"https:\/\/www.bodensee-cosmetics.com\/en\/wp-json\/wp\/v2\/product_brand?post=5346"},{"taxonomy":"product_cat","embeddable":true,"href":"https:\/\/www.bodensee-cosmetics.com\/en\/wp-json\/wp\/v2\/product_cat?post=5346"},{"taxonomy":"product_tag","embeddable":true,"href":"https:\/\/www.bodensee-cosmetics.com\/en\/wp-json\/wp\/v2\/product_tag?post=5346"}],"curies":[{"name":"wp","href":"https:\/\/api.w.org\/{rel}","templated":true}]}}